{"id":152,"date":"2023-11-24T07:23:45","date_gmt":"2023-11-24T07:23:45","guid":{"rendered":"http:\/\/localhost\/sktthemes\/hairsalone\/?page_id=6"},"modified":"2023-11-29T19:49:27","modified_gmt":"2023-11-29T19:49:27","slug":"storitve","status":"publish","type":"page","link":"https:\/\/k-ajd.eu\/de\/storitve\/","title":{"rendered":"Dienstleistungen"},"content":{"rendered":"<div data-elementor-type=\"wp-page\" data-elementor-id=\"152\" class=\"elementor elementor-152\">\n\t\t\t\t\t\t<section class=\"elementor-section elementor-top-section elementor-element elementor-element-6cc226b0 elementor-section-boxed elementor-section-height-default elementor-section-height-default\" data-id=\"6cc226b0\" data-element_type=\"section\" data-e-type=\"section\" data-settings=\"{&quot;background_background&quot;:&quot;classic&quot;}\">\n\t\t\t\t\t\t<div class=\"elementor-container elementor-column-gap-default\">\n\t\t\t\t\t<div class=\"elementor-column elementor-col-100 elementor-top-column elementor-element elementor-element-2bcb52f\" data-id=\"2bcb52f\" data-element_type=\"column\" data-e-type=\"column\" data-settings=\"{&quot;animation&quot;:&quot;none&quot;}\">\n\t\t\t<div class=\"elementor-widget-wrap elementor-element-populated\">\n\t\t\t\t\t\t<section class=\"elementor-section elementor-inner-section elementor-element elementor-element-8215ef0 elementor-section-boxed elementor-section-height-default elementor-section-height-default\" data-id=\"8215ef0\" data-element_type=\"section\" data-e-type=\"section\">\n\t\t\t\t\t\t<div class=\"elementor-container elementor-column-gap-default\">\n\t\t\t\t\t<div class=\"elementor-column elementor-col-100 elementor-inner-column elementor-element elementor-element-8283865\" data-id=\"8283865\" data-element_type=\"column\" data-e-type=\"column\">\n\t\t\t<div class=\"elementor-widget-wrap elementor-element-populated\">\n\t\t\t\t\t\t<div class=\"elementor-element elementor-element-9f82e33 elementor-widget elementor-widget-heading\" data-id=\"9f82e33\" data-element_type=\"widget\" data-e-type=\"widget\" data-widget_type=\"heading.default\">\n\t\t\t\t<div class=\"elementor-widget-container\">\n\t\t\t\t\t<h3 class=\"elementor-heading-title elementor-size-default\">WAS WIR MACHEN? <\/h3>\t\t\t\t<\/div>\n\t\t\t\t<\/div>\n\t\t\t\t<div class=\"elementor-element elementor-element-8349e13 elementor-widget elementor-widget-heading\" data-id=\"8349e13\" data-element_type=\"widget\" data-e-type=\"widget\" data-widget_type=\"heading.default\">\n\t\t\t\t<div class=\"elementor-widget-container\">\n\t\t\t\t\t<h2 class=\"elementor-heading-title elementor-size-default\">DIENSTLEISTUNGEN<\/h2>\t\t\t\t<\/div>\n\t\t\t\t<\/div>\n\t\t\t\t\t<\/div>\n\t\t<\/div>\n\t\t\t\t\t<\/div>\n\t\t<\/section>\n\t\t\t\t<div class=\"elementor-element elementor-element-26b52f2 elementor-widget-divider--view-line elementor-widget elementor-widget-divider\" data-id=\"26b52f2\" data-element_type=\"widget\" data-e-type=\"widget\" data-widget_type=\"divider.default\">\n\t\t\t\t<div class=\"elementor-widget-container\">\n\t\t\t\t\t\t\t<div class=\"elementor-divider\">\n\t\t\t<span class=\"elementor-divider-separator\">\n\t\t\t\t\t\t<\/span>\n\t\t<\/div>\n\t\t\t\t\t\t<\/div>\n\t\t\t\t<\/div>\n\t\t\t\t<section class=\"elementor-section elementor-inner-section elementor-element elementor-element-bf898de elementor-section-boxed elementor-section-height-default elementor-section-height-default elementor-invisible\" data-id=\"bf898de\" data-element_type=\"section\" data-e-type=\"section\" data-settings=\"{&quot;animation&quot;:&quot;fadeInUp&quot;}\">\n\t\t\t\t\t\t<div class=\"elementor-container elementor-column-gap-default\">\n\t\t\t\t\t<div class=\"elementor-column elementor-col-33 elementor-inner-column elementor-element elementor-element-12abfb2\" data-id=\"12abfb2\" data-element_type=\"column\" data-e-type=\"column\">\n\t\t\t<div class=\"elementor-widget-wrap elementor-element-populated\">\n\t\t\t\t\t\t<div class=\"elementor-element elementor-element-1eab4f6 elementor-widget__width-initial elementor-position-top elementor-widget elementor-widget-image-box\" data-id=\"1eab4f6\" data-element_type=\"widget\" data-e-type=\"widget\" data-widget_type=\"image-box.default\">\n\t\t\t\t<div class=\"elementor-widget-container\">\n\t\t\t\t\t<div class=\"elementor-image-box-wrapper\"><figure class=\"elementor-image-box-img\"><img decoding=\"async\" src=\"https:\/\/k-ajd.eu\/wp-content\/uploads\/elementor\/thumbs\/laserski-razrez-qf3rkbil5y7mxbjpdo83oq5jce4fm94101mxp926h0.jpg\" title=\"laserski razrez\" alt=\"laserski razrez\" loading=\"lazy\" \/><\/figure><div class=\"elementor-image-box-content\"><h3 class=\"elementor-image-box-title\">LASERSCHNEIDEN<\/h3><p class=\"elementor-image-box-description\"><span style=\", Helvetica, Arial, sans-serif;font-size: 15px\">Unser Unternehmen verf\u00fcgt \u00fcber einen modernen Hightech-Laser der Marke Trumpf. Wir schneiden Stahl, Aluminium, rostfreien Stahl, verzinkten Stahl und Stahl mit hoher Verschlei\u00dffestigkeit. Wir haben eine gro\u00dfe Auswahl an Materialien auf Lager, die wir Ihnen aber auch liefern k\u00f6nnen.&nbsp;<\/span><\/p><\/div><\/div>\t\t\t\t<\/div>\n\t\t\t\t<\/div>\n\t\t\t\t\t<\/div>\n\t\t<\/div>\n\t\t\t\t<div class=\"elementor-column elementor-col-33 elementor-inner-column elementor-element elementor-element-1ff83a2\" data-id=\"1ff83a2\" data-element_type=\"column\" data-e-type=\"column\">\n\t\t\t<div class=\"elementor-widget-wrap elementor-element-populated\">\n\t\t\t\t\t\t<div class=\"elementor-element elementor-element-2cfc2e5 elementor-position-top elementor-widget elementor-widget-image-box\" data-id=\"2cfc2e5\" data-element_type=\"widget\" data-e-type=\"widget\" data-widget_type=\"image-box.default\">\n\t\t\t\t<div class=\"elementor-widget-container\">\n\t\t\t\t\t<div class=\"elementor-image-box-wrapper\"><figure class=\"elementor-image-box-img\"><img fetchpriority=\"high\" decoding=\"async\" width=\"370\" height=\"250\" src=\"https:\/\/k-ajd.eu\/wp-content\/uploads\/2023\/11\/Upogibanje-plocevine.jpg\" class=\"attachment-full size-full wp-image-961\" alt=\"\" srcset=\"https:\/\/k-ajd.eu\/wp-content\/uploads\/2023\/11\/Upogibanje-plocevine.jpg 370w, https:\/\/k-ajd.eu\/wp-content\/uploads\/2023\/11\/Upogibanje-plocevine-300x203.jpg 300w\" sizes=\"(max-width: 370px) 100vw, 370px\" \/><\/figure><div class=\"elementor-image-box-content\"><h3 class=\"elementor-image-box-title\">BIEGEN VON BLECHEN UND ROHREN <\/h3><p class=\"elementor-image-box-description\"><span style=\", Helvetica, Arial, sans-serif;font-size: 15px\">Selbstverst\u00e4ndlich k\u00f6nnen wir die zugeschnittenen Bleche auch f\u00fcr Sie biegen. Das Biegen ist pr\u00e4zise, kontrolliert, wiederholbar und schnell. Wir biegen Rohre mit einem Durchmesser von 6 mm bis 50 mm.&nbsp;<\/span><\/p><\/div><\/div>\t\t\t\t<\/div>\n\t\t\t\t<\/div>\n\t\t\t\t\t<\/div>\n\t\t<\/div>\n\t\t\t\t<div class=\"elementor-column elementor-col-33 elementor-inner-column elementor-element elementor-element-75efe68\" data-id=\"75efe68\" data-element_type=\"column\" data-e-type=\"column\">\n\t\t\t<div class=\"elementor-widget-wrap elementor-element-populated\">\n\t\t\t\t\t\t<div class=\"elementor-element elementor-element-3605f8d elementor-widget__width-initial elementor-position-top elementor-widget elementor-widget-image-box\" data-id=\"3605f8d\" data-element_type=\"widget\" data-e-type=\"widget\" data-widget_type=\"image-box.default\">\n\t\t\t\t<div class=\"elementor-widget-container\">\n\t\t\t\t\t<div class=\"elementor-image-box-wrapper\"><figure class=\"elementor-image-box-img\"><img decoding=\"async\" width=\"370\" height=\"250\" src=\"https:\/\/k-ajd.eu\/wp-content\/uploads\/2023\/11\/robotsko-varjenje.jpg\" class=\"attachment-full size-full wp-image-965\" alt=\"\" srcset=\"https:\/\/k-ajd.eu\/wp-content\/uploads\/2023\/11\/robotsko-varjenje.jpg 370w, https:\/\/k-ajd.eu\/wp-content\/uploads\/2023\/11\/robotsko-varjenje-300x203.jpg 300w\" sizes=\"(max-width: 370px) 100vw, 370px\" \/><\/figure><div class=\"elementor-image-box-content\"><h3 class=\"elementor-image-box-title\">AUTOMATISIERTES SCHWEISSEN MIT DEM ROBOTER<\/h3><p class=\"elementor-image-box-description\"><span style=\", Helvetica, Arial, sans-serif;font-size: 15px\">Ein Roboter \/ Roboterarm mit einer Schwei\u00dfmaschine ersetzt das manuelle Schwei\u00dfen. Der Roboter ist f\u00fcr Serienprodukte mit einer wiederholbaren Pr\u00e4zision geeignet. Der Roboterarm verf\u00fcgt \u00fcber 6 Achsen und erm\u00f6glicht das Bewegen und Schwei\u00dfen in alle Richtungen.<\/span><\/p><\/div><\/div>\t\t\t\t<\/div>\n\t\t\t\t<\/div>\n\t\t\t\t\t<\/div>\n\t\t<\/div>\n\t\t\t\t\t<\/div>\n\t\t<\/section>\n\t\t\t\t<section class=\"elementor-section elementor-inner-section elementor-element elementor-element-0762316 elementor-section-boxed elementor-section-height-default elementor-section-height-default elementor-invisible\" data-id=\"0762316\" data-element_type=\"section\" data-e-type=\"section\" data-settings=\"{&quot;animation&quot;:&quot;fadeInUp&quot;}\">\n\t\t\t\t\t\t<div class=\"elementor-container elementor-column-gap-default\">\n\t\t\t\t\t<div class=\"elementor-column elementor-col-33 elementor-inner-column elementor-element elementor-element-5bbe35b\" data-id=\"5bbe35b\" data-element_type=\"column\" data-e-type=\"column\">\n\t\t\t<div class=\"elementor-widget-wrap elementor-element-populated\">\n\t\t\t\t\t\t<div class=\"elementor-element elementor-element-d8d9d10 elementor-position-top elementor-widget elementor-widget-image-box\" data-id=\"d8d9d10\" data-element_type=\"widget\" data-e-type=\"widget\" data-widget_type=\"image-box.default\">\n\t\t\t\t<div class=\"elementor-widget-container\">\n\t\t\t\t\t<div class=\"elementor-image-box-wrapper\"><figure class=\"elementor-image-box-img\"><img decoding=\"async\" width=\"370\" height=\"250\" src=\"https:\/\/k-ajd.eu\/wp-content\/uploads\/2023\/11\/konstruiranje.jpg\" class=\"attachment-full size-full wp-image-963\" alt=\"\" srcset=\"https:\/\/k-ajd.eu\/wp-content\/uploads\/2023\/11\/konstruiranje.jpg 370w, https:\/\/k-ajd.eu\/wp-content\/uploads\/2023\/11\/konstruiranje-300x203.jpg 300w\" sizes=\"(max-width: 370px) 100vw, 370px\" \/><\/figure><div class=\"elementor-image-box-content\"><h3 class=\"elementor-image-box-title\"><span style=\", Helvetica, Arial, sans-serif;font-size: 20px\">KONSTRUIEREN<\/span><\/h3><p class=\"elementor-image-box-description\"><span style=\", Helvetica, Arial, sans-serif;font-size: 15px\">Wir k\u00f6nnen die von Ihnen gew\u00fcnschten Produkte vorab konstruieren, d.h. einen 3D-Plan mit einem modernen CAM-Programm erstellen.<\/span><\/p><\/div><\/div>\t\t\t\t<\/div>\n\t\t\t\t<\/div>\n\t\t\t\t\t<\/div>\n\t\t<\/div>\n\t\t\t\t<div class=\"elementor-column elementor-col-33 elementor-inner-column elementor-element elementor-element-20dcf34\" data-id=\"20dcf34\" data-element_type=\"column\" data-e-type=\"column\">\n\t\t\t<div class=\"elementor-widget-wrap elementor-element-populated\">\n\t\t\t\t\t\t<div class=\"elementor-element elementor-element-bb5fbc8 elementor-position-top elementor-widget elementor-widget-image-box\" data-id=\"bb5fbc8\" data-element_type=\"widget\" data-e-type=\"widget\" data-widget_type=\"image-box.default\">\n\t\t\t\t<div class=\"elementor-widget-container\">\n\t\t\t\t\t<div class=\"elementor-image-box-wrapper\"><figure class=\"elementor-image-box-img\"><img loading=\"lazy\" decoding=\"async\" width=\"370\" height=\"250\" src=\"https:\/\/k-ajd.eu\/wp-content\/uploads\/2023\/11\/Tehnicni-plini-linde-gtg-plin.jpg\" class=\"attachment-full size-full wp-image-966\" alt=\"\" srcset=\"https:\/\/k-ajd.eu\/wp-content\/uploads\/2023\/11\/Tehnicni-plini-linde-gtg-plin.jpg 370w, https:\/\/k-ajd.eu\/wp-content\/uploads\/2023\/11\/Tehnicni-plini-linde-gtg-plin-300x203.jpg 300w\" sizes=\"(max-width: 370px) 100vw, 370px\" \/><\/figure><div class=\"elementor-image-box-content\"><h3 class=\"elementor-image-box-title\">TECHNISCHE GASE LINDE GTG GAS<\/h3><p class=\"elementor-image-box-description\"><span style=\", Helvetica, Arial, sans-serif;font-size: 15px\">Wir bieten Ihnen eine gro\u00dfe Auswahl an technischen Gasen.<\/span><\/p><\/div><\/div>\t\t\t\t<\/div>\n\t\t\t\t<\/div>\n\t\t\t\t\t<\/div>\n\t\t<\/div>\n\t\t\t\t<div class=\"elementor-column elementor-col-33 elementor-inner-column elementor-element elementor-element-cb0c0aa\" data-id=\"cb0c0aa\" data-element_type=\"column\" data-e-type=\"column\">\n\t\t\t<div class=\"elementor-widget-wrap elementor-element-populated\">\n\t\t\t\t\t\t<div class=\"elementor-element elementor-element-77812a0 elementor-position-top elementor-widget elementor-widget-image-box\" data-id=\"77812a0\" data-element_type=\"widget\" data-e-type=\"widget\" data-widget_type=\"image-box.default\">\n\t\t\t\t<div class=\"elementor-widget-container\">\n\t\t\t\t\t<div class=\"elementor-image-box-wrapper\"><figure class=\"elementor-image-box-img\"><img loading=\"lazy\" decoding=\"async\" width=\"370\" height=\"250\" src=\"https:\/\/k-ajd.eu\/wp-content\/uploads\/2023\/11\/cnc-rezkanje-in-struzenje.jpg\" class=\"attachment-full size-full wp-image-962\" alt=\"\" srcset=\"https:\/\/k-ajd.eu\/wp-content\/uploads\/2023\/11\/cnc-rezkanje-in-struzenje.jpg 370w, https:\/\/k-ajd.eu\/wp-content\/uploads\/2023\/11\/cnc-rezkanje-in-struzenje-300x203.jpg 300w\" sizes=\"(max-width: 370px) 100vw, 370px\" \/><\/figure><div class=\"elementor-image-box-content\"><h3 class=\"elementor-image-box-title\">CNC-FR\u00c4SEN UND -DREHEN<\/h3><p class=\"elementor-image-box-description\"><span style=\", Helvetica, Arial, sans-serif;font-size: 15px\">Wir f\u00fchren CNC-Fr\u00e4sen f\u00fcr gro\u00dfe und kleine Losgr\u00f6\u00dfen auf einem leistungsstarken vertikalen Verarbeitungszentrum durch.<\/span><\/p><\/div><\/div>\t\t\t\t<\/div>\n\t\t\t\t<\/div>\n\t\t\t\t\t<\/div>\n\t\t<\/div>\n\t\t\t\t\t<\/div>\n\t\t<\/section>\n\t\t\t\t<section class=\"elementor-section elementor-inner-section elementor-element elementor-element-203862c elementor-section-boxed elementor-section-height-default elementor-section-height-default elementor-invisible\" data-id=\"203862c\" data-element_type=\"section\" data-e-type=\"section\" data-settings=\"{&quot;animation&quot;:&quot;fadeInUp&quot;}\">\n\t\t\t\t\t\t<div class=\"elementor-container elementor-column-gap-default\">\n\t\t\t\t\t<div class=\"elementor-column elementor-col-33 elementor-inner-column elementor-element elementor-element-f8e6ec8\" data-id=\"f8e6ec8\" data-element_type=\"column\" data-e-type=\"column\">\n\t\t\t<div class=\"elementor-widget-wrap elementor-element-populated\">\n\t\t\t\t\t\t<div class=\"elementor-element elementor-element-a341eef elementor-position-top elementor-widget elementor-widget-image-box\" data-id=\"a341eef\" data-element_type=\"widget\" data-e-type=\"widget\" data-widget_type=\"image-box.default\">\n\t\t\t\t<div class=\"elementor-widget-container\">\n\t\t\t\t\t<div class=\"elementor-image-box-wrapper\"><figure class=\"elementor-image-box-img\"><img loading=\"lazy\" decoding=\"async\" width=\"370\" height=\"250\" src=\"https:\/\/k-ajd.eu\/wp-content\/uploads\/2023\/11\/Galvansko-cinkanje-1.jpg\" class=\"attachment-medium_large size-medium_large wp-image-1086\" alt=\"galvansko cinkanje\" srcset=\"https:\/\/k-ajd.eu\/wp-content\/uploads\/2023\/11\/Galvansko-cinkanje-1.jpg 370w, https:\/\/k-ajd.eu\/wp-content\/uploads\/2023\/11\/Galvansko-cinkanje-1-300x203.jpg 300w\" sizes=\"(max-width: 370px) 100vw, 370px\" \/><\/figure><div class=\"elementor-image-box-content\"><h3 class=\"elementor-image-box-title\"><font color=\"#050505\" face=\"Segoe UI Historic, Segoe UI, Helvetica, Arial, sans-serif\"><span style=\"font-size: 20px\">GALVANISCHES VERZINKEN<\/span><\/font><\/h3><p class=\"elementor-image-box-description\"><span style=\", Helvetica, Arial, sans-serif;font-size: 15px\">Das Galvanisieren ist ein Verfahren, bei dem eine d\u00fcnne Zinkschicht durch elektrochemische Reaktionen auf die Oberfl\u00e4che von Metallprodukten aufgetragen wird, um deren Korrosionsbest\u00e4ndigkeit und \u00e4sthetisches Aussehen zu optimieren.<\/span><\/p><\/div><\/div>\t\t\t\t<\/div>\n\t\t\t\t<\/div>\n\t\t\t\t\t<\/div>\n\t\t<\/div>\n\t\t\t\t<div class=\"elementor-column elementor-col-33 elementor-inner-column elementor-element elementor-element-6eeb206\" data-id=\"6eeb206\" data-element_type=\"column\" data-e-type=\"column\">\n\t\t\t<div class=\"elementor-widget-wrap elementor-element-populated\">\n\t\t\t\t\t\t<div class=\"elementor-element elementor-element-0df09b8 elementor-position-top elementor-widget elementor-widget-image-box\" data-id=\"0df09b8\" data-element_type=\"widget\" data-e-type=\"widget\" data-widget_type=\"image-box.default\">\n\t\t\t\t<div class=\"elementor-widget-container\">\n\t\t\t\t\t<div class=\"elementor-image-box-wrapper\"><figure class=\"elementor-image-box-img\"><img loading=\"lazy\" decoding=\"async\" width=\"900\" height=\"599\" src=\"https:\/\/k-ajd.eu\/wp-content\/uploads\/2023\/11\/Prasno-Barvanje.jpg\" class=\"attachment-full size-full wp-image-1087\" alt=\"Pra\u0161no Barvanje\" srcset=\"https:\/\/k-ajd.eu\/wp-content\/uploads\/2023\/11\/Prasno-Barvanje.jpg 900w, https:\/\/k-ajd.eu\/wp-content\/uploads\/2023\/11\/Prasno-Barvanje-300x200.jpg 300w, https:\/\/k-ajd.eu\/wp-content\/uploads\/2023\/11\/Prasno-Barvanje-768x511.jpg 768w\" sizes=\"(max-width: 900px) 100vw, 900px\" \/><\/figure><div class=\"elementor-image-box-content\"><h3 class=\"elementor-image-box-title\">PULVERBESCHICHTUNG<\/h3><p class=\"elementor-image-box-description\"><span style=\", Helvetica, Arial, sans-serif;font-size: 15px\">Die Pulverbeschichtung ist ein Verfahren, bei dem Pulverlack elektrostatisch auf die Oberfl\u00e4che eines Produkts aufgetragen wird, das dann erhitzt wird, um eine feste und dauerhafte Lackschicht zu erzeugen.<\/span><\/p><\/div><\/div>\t\t\t\t<\/div>\n\t\t\t\t<\/div>\n\t\t\t\t\t<\/div>\n\t\t<\/div>\n\t\t\t\t<div class=\"elementor-column elementor-col-33 elementor-inner-column elementor-element elementor-element-637ebc0\" data-id=\"637ebc0\" data-element_type=\"column\" data-e-type=\"column\">\n\t\t\t<div class=\"elementor-widget-wrap elementor-element-populated\">\n\t\t\t\t\t\t<div class=\"elementor-element elementor-element-efbef50 elementor-position-top elementor-widget elementor-widget-image-box\" data-id=\"efbef50\" data-element_type=\"widget\" data-e-type=\"widget\" data-widget_type=\"image-box.default\">\n\t\t\t\t<div class=\"elementor-widget-container\">\n\t\t\t\t\t<div class=\"elementor-image-box-wrapper\"><figure class=\"elementor-image-box-img\"><img loading=\"lazy\" decoding=\"async\" width=\"1060\" height=\"675\" src=\"https:\/\/k-ajd.eu\/wp-content\/uploads\/2023\/11\/Peskanje.jpg\" class=\"attachment-full size-full wp-image-1088\" alt=\"Peskanje\" srcset=\"https:\/\/k-ajd.eu\/wp-content\/uploads\/2023\/11\/Peskanje.jpg 1060w, https:\/\/k-ajd.eu\/wp-content\/uploads\/2023\/11\/Peskanje-300x191.jpg 300w, https:\/\/k-ajd.eu\/wp-content\/uploads\/2023\/11\/Peskanje-1024x652.jpg 1024w, https:\/\/k-ajd.eu\/wp-content\/uploads\/2023\/11\/Peskanje-768x489.jpg 768w\" sizes=\"(max-width: 1060px) 100vw, 1060px\" \/><\/figure><div class=\"elementor-image-box-content\"><h3 class=\"elementor-image-box-title\">SANDSTRAHLEN<\/h3><p class=\"elementor-image-box-description\"><span style=\", Helvetica, Arial, sans-serif;font-size: 15px\">Beim Sandstrahlen handelt es sich um ein Verfahren, bei dem kleine feste Partikel wie Sand oder Glasperlen verwendet werden, um Rost, Schmutz oder alte Farbe von der Oberfl\u00e4che eines Materials zu entfernen und den Untergrund f\u00fcr eine weitere Verarbeitung oder Beschichtung vorzubereiten.<\/span><\/p><\/div><\/div>\t\t\t\t<\/div>\n\t\t\t\t<\/div>\n\t\t\t\t\t<\/div>\n\t\t<\/div>\n\t\t\t\t\t<\/div>\n\t\t<\/section>\n\t\t\t\t\t<\/div>\n\t\t<\/div>\n\t\t\t\t\t<\/div>\n\t\t<\/section>\n\t\t\t\t<\/div>","protected":false},"excerpt":{"rendered":"<p>Kaj PO\u010cNEMO? STORITVE LASERSKI RAZREZ V podjetju imamo sodoben visokotehnolo\u0161ki laser znamke Trumpf. Re\u017eemo jeklo, aluminij, nerjave\u010de jeklo, galvanizirano jeklo, jeklo odporno proti obrabi. Velik spekter materiala imamo tudi na zalogi, lahko pa Vam ga tudi priskrbimo.&nbsp; UPOGIBANJE PLO\u010cEVINE IN CEVI Razrezane plo\u010devine vam lahko tudi upognemo. Upogib je natan\u010den, kontroliran , ponovljiv in hiter.<br \/><a class=\"moretag\" href=\"https:\/\/k-ajd.eu\/de\/storitve\/\">+ Read More<\/a><\/p>","protected":false},"author":1,"featured_media":0,"parent":0,"menu_order":0,"comment_status":"closed","ping_status":"closed","template":"templates\/page-builder.php","meta":{"_monsterinsights_skip_tracking":false,"_monsterinsights_sitenote_active":false,"_monsterinsights_sitenote_note":"","_monsterinsights_sitenote_category":0,"footnotes":""},"class_list":["post-152","page","type-page","status-publish","hentry"],"aioseo_notices":[],"_links":{"self":[{"href":"https:\/\/k-ajd.eu\/de\/wp-json\/wp\/v2\/pages\/152","targetHints":{"allow":["GET"]}}],"collection":[{"href":"https:\/\/k-ajd.eu\/de\/wp-json\/wp\/v2\/pages"}],"about":[{"href":"https:\/\/k-ajd.eu\/de\/wp-json\/wp\/v2\/types\/page"}],"author":[{"embeddable":true,"href":"https:\/\/k-ajd.eu\/de\/wp-json\/wp\/v2\/users\/1"}],"replies":[{"embeddable":true,"href":"https:\/\/k-ajd.eu\/de\/wp-json\/wp\/v2\/comments?post=152"}],"version-history":[{"count":29,"href":"https:\/\/k-ajd.eu\/de\/wp-json\/wp\/v2\/pages\/152\/revisions"}],"predecessor-version":[{"id":1134,"href":"https:\/\/k-ajd.eu\/de\/wp-json\/wp\/v2\/pages\/152\/revisions\/1134"}],"wp:attachment":[{"href":"https:\/\/k-ajd.eu\/de\/wp-json\/wp\/v2\/media?parent=152"}],"curies":[{"name":"wp","href":"https:\/\/api.w.org\/{rel}","templated":true}]}}